{"id":2756,"date":"2023-09-26T15:53:56","date_gmt":"2023-09-26T15:53:56","guid":{"rendered":"https:\/\/alintrasystems.com\/oficina\/"},"modified":"2023-10-25T09:57:32","modified_gmt":"2023-10-25T09:57:32","slug":"oficina","status":"publish","type":"page","link":"https:\/\/alintrasystems.com\/fr\/oficina\/","title":{"rendered":"Bureau technique"},"content":{"rendered":"\n<style type=\"text\/css\" data-created_by=\"avia_inline_auto\" id=\"style-css-av-ln0h1xm8-dc6a329b8f2746876876df4abb59fdb0\">\n.avia-section.av-ln0h1xm8-dc6a329b8f2746876876df4abb59fdb0{\nbackground-repeat:no-repeat;\nbackground-image:url(https:\/\/alintrasystems.com\/wp-content\/uploads\/2023\/10\/Personas-ALINTRA-SYSTEMS.png);\nbackground-position:50% 50%;\nbackground-attachment:scroll;\n}\n<\/style>\n<div id='av_section_1'  class='avia-section av-ln0h1xm8-dc6a329b8f2746876876df4abb59fdb0 main_color avia-section-large avia-no-border-styling  avia-builder-el-0  el_before_av_section  avia-builder-el-first  avia-bg-style-scroll av-minimum-height av-minimum-height-50 av-height-50  container_wrap sidebar_right'  data-section-bg-repeat='no-repeat' data-av_minimum_height_pc='50' data-av_min_height_opt='50'><div class='container av-section-cont-open' ><main  role=\"main\" itemprop=\"mainContentOfPage\"  class='template-page content  av-content-small alpha units'><div class='post-entry post-entry-type-page post-entry-2756'><div class='entry-content-wrapper clearfix'>\n\n<style type=\"text\/css\" data-created_by=\"avia_inline_auto\" id=\"style-css-av-ln0h0oj5-a44e23fd7b09b9ae39ae930b55af0f5b\">\n.flex_column.av-ln0h0oj5-a44e23fd7b09b9ae39ae930b55af0f5b{\nborder-radius:0px 0px 0px 0px;\npadding:30px 30px 30px 30px;\nbackground-color:rgba(10,10,10,0.59);\n}\n<\/style>\n<div  class='flex_column av-ln0h0oj5-a44e23fd7b09b9ae39ae930b55af0f5b av_two_fifth  avia-builder-el-1  avia-builder-el-no-sibling  first flex_column_div av-animated-generic pop-up  '     ><style type=\"text\/css\" data-created_by=\"avia_inline_auto\" id=\"style-css-av-ln0gywby-be9dec8f7535415b871a4501a000149d\">\n#top .av_textblock_section.av-ln0gywby-be9dec8f7535415b871a4501a000149d .avia_textblock{\ncolor:#ffffff;\n}\n<\/style>\n<section  class='av_textblock_section av-ln0gywby-be9dec8f7535415b871a4501a000149d '   itemscope=\"itemscope\" itemtype=\"https:\/\/schema.org\/CreativeWork\" ><div class='avia_textblock av_inherit_color'  itemprop=\"text\" ><h1 style=\"text-align: left;\">ALINTRA SYSTEMS \u00e9tudie les solutions techniques industrielles \u00e0 appliquer dans les diff\u00e9rents secteurs<\/h1>\n<\/div><\/section><\/div>\n\n<\/div><\/div><\/main><!-- close content main element --><\/div><\/div>\n<style type=\"text\/css\" data-created_by=\"avia_inline_auto\" id=\"style-css-av-ln0h7ttq-57768b473c952ae57bddbbaf7fda10cf\">\n.avia-section.av-ln0h7ttq-57768b473c952ae57bddbbaf7fda10cf{\nbackground-color:#ed6d02;\nbackground-image:unset;\n}\n<\/style>\n<div id='av_section_2'  class='avia-section av-ln0h7ttq-57768b473c952ae57bddbbaf7fda10cf main_color avia-section-small avia-no-border-styling  avia-builder-el-3  el_after_av_section  el_before_av_layout_row  avia-bg-style-scroll container_wrap sidebar_right'  ><div class='container av-section-cont-open' ><div class='template-page content  av-content-small alpha units'><div class='post-entry post-entry-type-page post-entry-2756'><div class='entry-content-wrapper clearfix'>\n\n<style type=\"text\/css\" data-created_by=\"avia_inline_auto\" id=\"style-css-av-273hmz-481d3a2d77cbd4b586bb912a099859cc\">\n.flex_column.av-273hmz-481d3a2d77cbd4b586bb912a099859cc{\nborder-radius:0px 0px 0px 0px;\npadding:0px 0px 0px 0px;\n}\n<\/style>\n<div  class='flex_column av-273hmz-481d3a2d77cbd4b586bb912a099859cc av_one_full  avia-builder-el-4  avia-builder-el-no-sibling  first flex_column_div av-zero-column-padding  '     ><style type=\"text\/css\" data-created_by=\"avia_inline_auto\" id=\"style-css-av-ln0iapa4-b3eca4e0ec444fa0837040c5912ab0fc\">\n#top .av_textblock_section.av-ln0iapa4-b3eca4e0ec444fa0837040c5912ab0fc .avia_textblock{\ncolor:#ffffff;\n}\n<\/style>\n<section  class='av_textblock_section av-ln0iapa4-b3eca4e0ec444fa0837040c5912ab0fc '   itemscope=\"itemscope\" itemtype=\"https:\/\/schema.org\/CreativeWork\" ><div class='avia_textblock av_inherit_color'  itemprop=\"text\" ><p style=\"text-align: center;\">Avec une \u00e9quipe technique hautement qualifi\u00e9e, sp\u00e9cialis\u00e9e dans les technologies nid d\u2019abeille, ALINTRA SYSTEMS se charge de g\u00e9rer et de coordonner les aspects techniques li\u00e9s \u00e0 la production, \u00e0 l\u2019ing\u00e9nierie et aux autres processus sp\u00e9cifiques, et \u00e9tudie des solutions techniques industrielles \u00e0 appliquer dans les diff\u00e9rents secteurs.<\/p>\n<\/div><\/section><\/div>\n\n<\/div><\/div><\/div><!-- close content main div --><\/div><\/div><div id='av-layout-grid-1'  class='av-layout-grid-container av-ln0hz6fk-953c43805840686562c5566807935081 entry-content-wrapper main_color av-flex-cells  avia-builder-el-6  el_after_av_section  el_before_av_layout_row  av-cell-min-height av-cell-min-height-50 grid-row-not-first  container_wrap sidebar_right'   data-av_minimum_height_pc='50'>\n\n<style type=\"text\/css\" data-created_by=\"avia_inline_auto\" id=\"style-css-av-ln0hpyr7-dfb54505d7897a876fce2039e7e95971\">\n.flex_cell.av-ln0hpyr7-dfb54505d7897a876fce2039e7e95971{\nvertical-align:top;\n}\n.responsive #top #wrap_all .flex_cell.av-ln0hpyr7-dfb54505d7897a876fce2039e7e95971{\npadding:50px 50px 50px 50px !important;\n}\n<\/style>\n<div class='flex_cell av-ln0hpyr7-dfb54505d7897a876fce2039e7e95971 av-gridrow-cell av_one_half no_margin  avia-builder-el-7  el_before_av_cell_one_half  avia-builder-el-first  avia-full-stretch'  ><div class='flex_cell_inner'>\n<style type=\"text\/css\" data-created_by=\"avia_inline_auto\" id=\"style-css-av-34ju4b-aa7d381961ca26c405c6d979567eac24\">\n.flex_column.av-34ju4b-aa7d381961ca26c405c6d979567eac24{\nborder-radius:0px 0px 0px 0px;\npadding:0px 0px 0px 0px;\n}\n<\/style>\n<div  class='flex_column av-34ju4b-aa7d381961ca26c405c6d979567eac24 av_one_full  avia-builder-el-8  avia-builder-el-no-sibling  first flex_column_div av-zero-column-padding  '     ><section  class='av_textblock_section av-ln0hx5k5-389dec9582081873ea0388d3efcd2893 '   itemscope=\"itemscope\" itemtype=\"https:\/\/schema.org\/CreativeWork\" ><div class='avia_textblock'  itemprop=\"text\" ><h2>Bureau Technique<\/h2>\n<\/div><\/section><br \/>\n\n<style type=\"text\/css\" data-created_by=\"avia_inline_auto\" id=\"style-css-av-4ockxn-25066ecbabc1fd1307a5d1ab82f78e1e\">\n#top .hr.av-4ockxn-25066ecbabc1fd1307a5d1ab82f78e1e{\nmargin-top:0px;\nmargin-bottom:30px;\n}\n.hr.av-4ockxn-25066ecbabc1fd1307a5d1ab82f78e1e .hr-inner{\nwidth:50px;\nborder-color:#d3d3d3;\n}\n<\/style>\n<div  class='hr av-4ockxn-25066ecbabc1fd1307a5d1ab82f78e1e hr-custom  avia-builder-el-10  el_after_av_textblock  el_before_av_textblock  hr-left hr-icon-no'><span class='hr-inner inner-border-av-border-thin'><span class=\"hr-inner-style\"><\/span><\/span><\/div><br \/>\n\n<style type=\"text\/css\" data-created_by=\"avia_inline_auto\" id=\"style-css-av-ln0h793y-976b2bf8884274c22f00c612e6d139fb\">\n#top .av_textblock_section.av-ln0h793y-976b2bf8884274c22f00c612e6d139fb .avia_textblock{\ncolor:#666666;\n}\n<\/style>\n<section  class='av_textblock_section av-ln0h793y-976b2bf8884274c22f00c612e6d139fb '   itemscope=\"itemscope\" itemtype=\"https:\/\/schema.org\/CreativeWork\" ><div class='avia_textblock av_inherit_color'  itemprop=\"text\" ><p>ALINTRA SYSTEMS utilise des Syst\u00e8mes de Calculs techniques bas\u00e9s sur les panneaux <span class=\"lar\">larson<sup>\u00ae<\/sup><\/span> et <span class=\"lar\">larcore<sup>\u00ae<\/sup><\/span>, qui contribuent \u00e0 <strong>trouver la solution la mieux adapt\u00e9e \u00e0 chaque application<\/strong>.<\/p>\n<p>Elle travaille conjointement avec les Bureaux Techniques de ses partenaires et de ses clients afin d\u2019int\u00e9grer ces mat\u00e9riaux dans leurs constructions, pour obtenir ainsi une <strong>solution finale sur mesure, plus efficiente, l\u00e9g\u00e8re, \u00e9conomique et plus durable<\/strong>.<\/p>\n<\/div><\/section><\/p><\/div>\n<\/div><\/div>\n<style type=\"text\/css\" data-created_by=\"avia_inline_auto\" id=\"style-css-av-ln0hbm80-77673f4541eea2bdca78f232ccf1519e\">\n.flex_cell.av-ln0hbm80-77673f4541eea2bdca78f232ccf1519e{\nvertical-align:top;\nbackground:url(https:\/\/alintrasystems.com\/wp-content\/uploads\/2023\/09\/Imagen-personas-fabrica-2.jpg) 50% 50% no-repeat scroll ;\n}\n.responsive #top #wrap_all .flex_cell.av-ln0hbm80-77673f4541eea2bdca78f232ccf1519e{\npadding:150px 150px 150px 150px !important;\n}\n<\/style>\n<div class='flex_cell av-ln0hbm80-77673f4541eea2bdca78f232ccf1519e av-gridrow-cell av_one_half no_margin  avia-builder-el-12  el_after_av_cell_one_half  avia-builder-el-last  avia-full-stretch'  ><div class='flex_cell_inner'><\/div><\/div><\/div><div id='av-layout-grid-2'  class='av-layout-grid-container av-2g64wb-642a569ba0e3631f724500280ba8eead entry-content-wrapper main_color av-flex-cells  avia-builder-el-13  el_after_av_layout_row  avia-builder-el-last  grid-row-not-first  container_wrap sidebar_right'  >\n\n<style type=\"text\/css\" data-created_by=\"avia_inline_auto\" id=\"style-css-av-ln0hpyr7-dd3f97309c8c570944ac3d124614dc35\">\n.flex_cell.av-ln0hpyr7-dd3f97309c8c570944ac3d124614dc35{\nvertical-align:middle;\nbackground:url(https:\/\/alintrasystems.com\/wp-content\/uploads\/2023\/09\/Imagen-reunion-personas-2.jpg) 0% 50% no-repeat scroll ;\n}\n.responsive #top #wrap_all .flex_cell.av-ln0hpyr7-dd3f97309c8c570944ac3d124614dc35{\npadding:150px 150px 150px 150px !important;\n}\n<\/style>\n<div class='flex_cell av-ln0hpyr7-dd3f97309c8c570944ac3d124614dc35 av-gridrow-cell av_one_half no_margin  avia-builder-el-14  el_before_av_cell_one_half  avia-builder-el-first  avia-full-stretch'  ><div class='flex_cell_inner'><\/div><\/div>\n<style type=\"text\/css\" data-created_by=\"avia_inline_auto\" id=\"style-css-av-ln0hbm80-df38902274b4823fbb6b32be07213832\">\n.flex_cell.av-ln0hbm80-df38902274b4823fbb6b32be07213832{\nvertical-align:top;\n}\n.responsive #top #wrap_all .flex_cell.av-ln0hbm80-df38902274b4823fbb6b32be07213832{\npadding:50px 50px 50px 50px !important;\n}\n<\/style>\n<div class='flex_cell av-ln0hbm80-df38902274b4823fbb6b32be07213832 av-gridrow-cell av_one_half no_margin  avia-builder-el-15  el_after_av_cell_one_half  avia-builder-el-last  avia-full-stretch'  ><div class='flex_cell_inner'><section  class='av_textblock_section av-ln0h793y-0035e979bfbb6a3a1a7703024faecb68 '   itemscope=\"itemscope\" itemtype=\"https:\/\/schema.org\/CreativeWork\" ><div class='avia_textblock'  itemprop=\"text\" ><p style=\"text-align: left;\">Le bureau technique d\u2019ALINTRA SYSTEMS offre :<\/p>\n<p style=\"text-align: left;\">&#8211; \u00c9tude technique des projets.<\/p>\n<p style=\"text-align: left;\">&#8211; Calcul des r\u00e9sistances.<\/p>\n<p style=\"text-align: left;\">&#8211; Certifications.<\/p>\n<p style=\"text-align: left;\">&#8211; Nouvelles applications.<\/p>\n<p style=\"text-align: left;\">&#8211; Industrialisation des solutions techniques approuv\u00e9es.<\/p>\n<p style=\"text-align: left;\">&#8211; Travaux en 2D et 3D.<\/p>\n<\/div><\/section>\n<\/div><\/div><\/div><\/p>\n","protected":false},"excerpt":{"rendered":"","protected":false},"author":3,"featured_media":0,"parent":0,"menu_order":0,"comment_status":"closed","ping_status":"closed","template":"","meta":{"footnotes":""},"class_list":["post-2756","page","type-page","status-publish","hentry"],"yoast_head":"<!-- This site is optimized with the Yoast SEO plugin v25.4 - https:\/\/yoast.com\/wordpress\/plugins\/seo\/ -->\n<title>Bureau technique - Alintra Systems<\/title>\n<meta name=\"robots\" content=\"index, follow, max-snippet:-1, max-image-preview:large, max-video-preview:-1\" \/>\n<link rel=\"canonical\" href=\"https:\/\/alintrasystems.com\/fr\/oficina\/\" \/>\n<meta property=\"og:locale\" content=\"fr_FR\" \/>\n<meta property=\"og:type\" content=\"article\" \/>\n<meta property=\"og:title\" content=\"Bureau technique - Alintra Systems\" \/>\n<meta property=\"og:url\" content=\"https:\/\/alintrasystems.com\/fr\/oficina\/\" \/>\n<meta property=\"og:site_name\" content=\"Alintra Systems\" \/>\n<meta property=\"article:modified_time\" content=\"2023-10-25T09:57:32+00:00\" \/>\n<meta name=\"twitter:card\" content=\"summary_large_image\" \/>\n<meta name=\"twitter:label1\" content=\"Dur\u00e9e de lecture estim\u00e9e\" \/>\n\t<meta name=\"twitter:data1\" content=\"3 minutes\" \/>\n<script type=\"application\/ld+json\" class=\"yoast-schema-graph\">{\"@context\":\"https:\/\/schema.org\",\"@graph\":[{\"@type\":\"WebPage\",\"@id\":\"https:\/\/alintrasystems.com\/fr\/oficina\/\",\"url\":\"https:\/\/alintrasystems.com\/fr\/oficina\/\",\"name\":\"Bureau technique - Alintra Systems\",\"isPartOf\":{\"@id\":\"https:\/\/alintrasystems.com\/#website\"},\"datePublished\":\"2023-09-26T15:53:56+00:00\",\"dateModified\":\"2023-10-25T09:57:32+00:00\",\"breadcrumb\":{\"@id\":\"https:\/\/alintrasystems.com\/fr\/oficina\/#breadcrumb\"},\"inLanguage\":\"fr-FR\",\"potentialAction\":[{\"@type\":\"ReadAction\",\"target\":[\"https:\/\/alintrasystems.com\/fr\/oficina\/\"]}]},{\"@type\":\"BreadcrumbList\",\"@id\":\"https:\/\/alintrasystems.com\/fr\/oficina\/#breadcrumb\",\"itemListElement\":[{\"@type\":\"ListItem\",\"position\":1,\"name\":\"Portada\",\"item\":\"https:\/\/alintrasystems.com\/fr\/home\/\"},{\"@type\":\"ListItem\",\"position\":2,\"name\":\"Bureau technique\"}]},{\"@type\":\"WebSite\",\"@id\":\"https:\/\/alintrasystems.com\/#website\",\"url\":\"https:\/\/alintrasystems.com\/\",\"name\":\"Alintra Systems\",\"description\":\"Soluciones innovadores con tecnolog\u00eda y materiales avanzados para Transporte e Industria\",\"potentialAction\":[{\"@type\":\"SearchAction\",\"target\":{\"@type\":\"EntryPoint\",\"urlTemplate\":\"https:\/\/alintrasystems.com\/?s={search_term_string}\"},\"query-input\":{\"@type\":\"PropertyValueSpecification\",\"valueRequired\":true,\"valueName\":\"search_term_string\"}}],\"inLanguage\":\"fr-FR\"}]}<\/script>\n<!-- \/ Yoast SEO plugin. -->","yoast_head_json":{"title":"Bureau technique - Alintra Systems","robots":{"index":"index","follow":"follow","max-snippet":"max-snippet:-1","max-image-preview":"max-image-preview:large","max-video-preview":"max-video-preview:-1"},"canonical":"https:\/\/alintrasystems.com\/fr\/oficina\/","og_locale":"fr_FR","og_type":"article","og_title":"Bureau technique - Alintra Systems","og_url":"https:\/\/alintrasystems.com\/fr\/oficina\/","og_site_name":"Alintra Systems","article_modified_time":"2023-10-25T09:57:32+00:00","twitter_card":"summary_large_image","twitter_misc":{"Dur\u00e9e de lecture estim\u00e9e":"3 minutes"},"schema":{"@context":"https:\/\/schema.org","@graph":[{"@type":"WebPage","@id":"https:\/\/alintrasystems.com\/fr\/oficina\/","url":"https:\/\/alintrasystems.com\/fr\/oficina\/","name":"Bureau technique - Alintra Systems","isPartOf":{"@id":"https:\/\/alintrasystems.com\/#website"},"datePublished":"2023-09-26T15:53:56+00:00","dateModified":"2023-10-25T09:57:32+00:00","breadcrumb":{"@id":"https:\/\/alintrasystems.com\/fr\/oficina\/#breadcrumb"},"inLanguage":"fr-FR","potentialAction":[{"@type":"ReadAction","target":["https:\/\/alintrasystems.com\/fr\/oficina\/"]}]},{"@type":"BreadcrumbList","@id":"https:\/\/alintrasystems.com\/fr\/oficina\/#breadcrumb","itemListElement":[{"@type":"ListItem","position":1,"name":"Portada","item":"https:\/\/alintrasystems.com\/fr\/home\/"},{"@type":"ListItem","position":2,"name":"Bureau technique"}]},{"@type":"WebSite","@id":"https:\/\/alintrasystems.com\/#website","url":"https:\/\/alintrasystems.com\/","name":"Alintra Systems","description":"Soluciones innovadores con tecnolog\u00eda y materiales avanzados para Transporte e Industria","potentialAction":[{"@type":"SearchAction","target":{"@type":"EntryPoint","urlTemplate":"https:\/\/alintrasystems.com\/?s={search_term_string}"},"query-input":{"@type":"PropertyValueSpecification","valueRequired":true,"valueName":"search_term_string"}}],"inLanguage":"fr-FR"}]}},"_links":{"self":[{"href":"https:\/\/alintrasystems.com\/fr\/wp-json\/wp\/v2\/pages\/2756","targetHints":{"allow":["GET"]}}],"collection":[{"href":"https:\/\/alintrasystems.com\/fr\/wp-json\/wp\/v2\/pages"}],"about":[{"href":"https:\/\/alintrasystems.com\/fr\/wp-json\/wp\/v2\/types\/page"}],"author":[{"embeddable":true,"href":"https:\/\/alintrasystems.com\/fr\/wp-json\/wp\/v2\/users\/3"}],"replies":[{"embeddable":true,"href":"https:\/\/alintrasystems.com\/fr\/wp-json\/wp\/v2\/comments?post=2756"}],"version-history":[{"count":10,"href":"https:\/\/alintrasystems.com\/fr\/wp-json\/wp\/v2\/pages\/2756\/revisions"}],"predecessor-version":[{"id":3224,"href":"https:\/\/alintrasystems.com\/fr\/wp-json\/wp\/v2\/pages\/2756\/revisions\/3224"}],"wp:attachment":[{"href":"https:\/\/alintrasystems.com\/fr\/wp-json\/wp\/v2\/media?parent=2756"}],"curies":[{"name":"wp","href":"https:\/\/api.w.org\/{rel}","templated":true}]}}