{"id":1425,"date":"2018-08-01T09:50:28","date_gmt":"2018-08-01T09:50:28","guid":{"rendered":"https:\/\/alintrasystems.com\/?page_id=1425"},"modified":"2023-10-25T09:44:02","modified_gmt":"2023-10-25T09:44:02","slug":"empresa","status":"publish","type":"page","link":"https:\/\/alintrasystems.com\/en\/empresa\/","title":{"rendered":"The Company"},"content":{"rendered":"\n<style type=\"text\/css\" data-created_by=\"avia_inline_auto\" id=\"style-css-av-jkdvkl5v-fcde76b50a1d897fad44860e764a4a11\">\n.avia-section.av-jkdvkl5v-fcde76b50a1d897fad44860e764a4a11{\nbackground-repeat:no-repeat;\nbackground-image:url(https:\/\/alintrasystems.com\/wp-content\/uploads\/2023\/09\/Imagen-Header-empresa_mismas-medidas-3-scaled.jpg);\nbackground-position:50% 0%;\nbackground-attachment:scroll;\n}\n<\/style>\n<div id='av_section_1'  class='avia-section av-jkdvkl5v-fcde76b50a1d897fad44860e764a4a11 main_color avia-section-large avia-no-border-styling  avia-builder-el-0  el_before_av_section  avia-builder-el-first  avia-full-stretch avia-bg-style-scroll av-minimum-height av-minimum-height-50 av-height-50  container_wrap sidebar_right'  data-section-bg-repeat='stretch' data-av_minimum_height_pc='50' data-av_min_height_opt='50'><div class='container av-section-cont-open' ><main  role=\"main\" itemprop=\"mainContentOfPage\"  class='template-page content  av-content-small alpha units'><div class='post-entry post-entry-type-page post-entry-1425'><div class='entry-content-wrapper clearfix'>\n\n<style type=\"text\/css\" data-created_by=\"avia_inline_auto\" id=\"style-css-av-qs87-8357d696ce4971f9960d74175967c5be\">\n.flex_column.av-qs87-8357d696ce4971f9960d74175967c5be{\nborder-radius:0px 0px 0px 0px;\npadding:30px 30px 30px 30px;\nbackground-color:rgba(10,10,10,0.59);\n}\n<\/style>\n<div  class='flex_column av-qs87-8357d696ce4971f9960d74175967c5be av_two_fifth  avia-builder-el-1  avia-builder-el-no-sibling  first flex_column_div av-animated-generic pop-up  '     ><style type=\"text\/css\" data-created_by=\"avia_inline_auto\" id=\"style-css-av-jkdvlm77-8b347f10730de2c57137bd8bbb73e129\">\n#top .av_textblock_section.av-jkdvlm77-8b347f10730de2c57137bd8bbb73e129 .avia_textblock{\ncolor:#ffffff;\n}\n<\/style>\n<section  class='av_textblock_section av-jkdvlm77-8b347f10730de2c57137bd8bbb73e129 '   itemscope=\"itemscope\" itemtype=\"https:\/\/schema.org\/CreativeWork\" ><div class='avia_textblock av_inherit_color'  itemprop=\"text\" ><h1 style=\"text-align: left;\">Wide experience in machining and processing advanced materials<\/h1>\n<\/div><\/section><\/div>\n\n<\/div><\/div><\/main><!-- close content main element --><\/div><\/div>\n<style type=\"text\/css\" data-created_by=\"avia_inline_auto\" id=\"style-css-av-1x1iv-9f21d77b51c11b35d570ff4dc1794579\">\n.avia-section.av-1x1iv-9f21d77b51c11b35d570ff4dc1794579{\nbackground-color:#ed6d02;\nbackground-image:unset;\n}\n<\/style>\n<div id='empresa-sec1'  class='avia-section av-1x1iv-9f21d77b51c11b35d570ff4dc1794579 main_color avia-section-small avia-no-border-styling  avia-builder-el-3  el_after_av_section  el_before_av_layout_row  avia-bg-style-scroll container_wrap sidebar_right'  ><div class='container av-section-cont-open' ><div class='template-page content  av-content-small alpha units'><div class='post-entry post-entry-type-page post-entry-1425'><div class='entry-content-wrapper clearfix'>\n\n<style type=\"text\/css\" data-created_by=\"avia_inline_auto\" id=\"style-css-av-1otov-fac45403bb8831fa8ec71efe801b6d39\">\n.flex_column.av-1otov-fac45403bb8831fa8ec71efe801b6d39{\nborder-radius:0px 0px 0px 0px;\npadding:0px 0px 0px 0px;\n}\n<\/style>\n<div  class='flex_column av-1otov-fac45403bb8831fa8ec71efe801b6d39 av_one_full  avia-builder-el-4  avia-builder-el-no-sibling  first flex_column_div av-zero-column-padding  '     ><style type=\"text\/css\" data-created_by=\"avia_inline_auto\" id=\"style-css-av-jkdxio79-5fca5cf3cd9202df84db156c87004ea7\">\n#top .av_textblock_section.av-jkdxio79-5fca5cf3cd9202df84db156c87004ea7 .avia_textblock{\ncolor:#ffffff;\n}\n<\/style>\n<section  class='av_textblock_section av-jkdxio79-5fca5cf3cd9202df84db156c87004ea7 '   itemscope=\"itemscope\" itemtype=\"https:\/\/schema.org\/CreativeWork\" ><div class='avia_textblock av_inherit_color'  itemprop=\"text\" ><p style=\"text-align: center;\">ALINTRA SYSTEMS owns 8,000 square metres of facilities equipped with modern machinery, where they innovate, create and develop customised lightweight solutions for each application and client&#8217;s needs.<\/p>\n<\/div><\/section><\/div>\n\n<\/div><\/div><\/div><!-- close content main div --><\/div><\/div><div id='empresa'  class='av-layout-grid-container av-uwwz-d3be8ab90484977b9b53627c86639990 entry-content-wrapper main_color av-flex-cells av-break-at-tablet  avia-builder-el-6  el_after_av_section  el_before_av_section  av-cell-min-height av-cell-min-height-50 grid-row-not-first  container_wrap sidebar_right'   data-av_minimum_height_pc='50'>\n\n<style type=\"text\/css\" data-created_by=\"avia_inline_auto\" id=\"style-css-av-jlca1zc0-0f6ad481c435d5ea66101d76b83cdda0\">\n.flex_cell.av-jlca1zc0-0f6ad481c435d5ea66101d76b83cdda0{\nvertical-align:middle;\n}\n.responsive #top #wrap_all .flex_cell.av-jlca1zc0-0f6ad481c435d5ea66101d76b83cdda0{\npadding:50px 50px 50px 50px !important;\n}\n<\/style>\n<div class='flex_cell av-jlca1zc0-0f6ad481c435d5ea66101d76b83cdda0 av-gridrow-cell av_one_half no_margin  avia-builder-el-7  el_before_av_cell_one_half  avia-builder-el-first '  ><div class='flex_cell_inner'>\n<style type=\"text\/css\" data-created_by=\"avia_inline_auto\" id=\"style-css-av-16ntz-45a7beb31e7c9bfb03b42e51e718b510\">\n.flex_column.av-16ntz-45a7beb31e7c9bfb03b42e51e718b510{\nborder-radius:0px 0px 0px 0px;\npadding:0px 0px 0px 0px;\n}\n<\/style>\n<div  class='flex_column av-16ntz-45a7beb31e7c9bfb03b42e51e718b510 av_one_full  avia-builder-el-8  avia-builder-el-no-sibling  first flex_column_div av-zero-column-padding  '     ><section  class='av_textblock_section av-jkdzemgx-2147d45772c98862653f20c21ad1f642 '   itemscope=\"itemscope\" itemtype=\"https:\/\/schema.org\/CreativeWork\" ><div class='avia_textblock'  itemprop=\"text\" ><h2>The Company<\/h2>\n<\/div><\/section><br \/>\n\n<style type=\"text\/css\" data-created_by=\"avia_inline_auto\" id=\"style-css-av-jldfpvxy-a965af9217545a8a196e56b3129b4c52\">\n#top .hr.av-jldfpvxy-a965af9217545a8a196e56b3129b4c52{\nmargin-top:0;\nmargin-bottom:30px;\n}\n.hr.av-jldfpvxy-a965af9217545a8a196e56b3129b4c52 .hr-inner{\nwidth:50px;\nborder-color:#d3d3d3;\n}\n<\/style>\n<div  class='hr av-jldfpvxy-a965af9217545a8a196e56b3129b4c52 hr-custom  avia-builder-el-10  el_after_av_textblock  el_before_av_textblock  hr-left hr-icon-no'><span class='hr-inner inner-border-av-border-thin'><span class=\"hr-inner-style\"><\/span><\/span><\/div><br \/>\n<section  class='av_textblock_section av-jkdzemgx-2147d45772c98862653f20c21ad1f642 '   itemscope=\"itemscope\" itemtype=\"https:\/\/schema.org\/CreativeWork\" ><div class='avia_textblock'  itemprop=\"text\" ><p>ALINTRA SYSTEMS, located in Miranda de Ebro (Burgos, Spain), was born in 2015 with the aim of creating and manufacturing highly customisable industrialised solutions both for Mass Transport and Industry.<\/p>\n<\/div><\/section><br \/>\n<section  class='av_textblock_section av-jkdzemgx-2147d45772c98862653f20c21ad1f642 '   itemscope=\"itemscope\" itemtype=\"https:\/\/schema.org\/CreativeWork\" ><div class='avia_textblock'  itemprop=\"text\" ><p>From its beginning, ALINTRA SYSTEMS has been committed to the future, making significant investments in R&amp;D. Thanks to its own technology, it has developed highly efficient processes that allow the company to offer unique and customised solutions for each client.<\/p>\n<\/div><\/section><br \/>\n<section  class='av_textblock_section av-jkdzemgx-2147d45772c98862653f20c21ad1f642 '   itemscope=\"itemscope\" itemtype=\"https:\/\/schema.org\/CreativeWork\" ><div class='avia_textblock'  itemprop=\"text\" ><p>Its multidisciplinary team with extensive experience, committed and aligned in culture and values is the key to its success. ALINTRA SYSTEMS cares for, trains and promotes its staff. It believes in people and invests strongly in them.<\/p>\n<\/div><\/section><\/p><\/div>\n<\/div><\/div>\n<style type=\"text\/css\" data-created_by=\"avia_inline_auto\" id=\"style-css-av-jlca1zc0-1072cd7e4b48e1be84b4c67f907e5b57\">\n.flex_cell.av-jlca1zc0-1072cd7e4b48e1be84b4c67f907e5b57{\nvertical-align:middle;\nbackground-color:#999999;\n}\n.responsive #top #wrap_all .flex_cell.av-jlca1zc0-1072cd7e4b48e1be84b4c67f907e5b57{\npadding:50px 50px 50px 50px !important;\n}\n<\/style>\n<div class='flex_cell av-jlca1zc0-1072cd7e4b48e1be84b4c67f907e5b57 av-gridrow-cell av_one_half no_margin  avia-builder-el-14  el_after_av_cell_one_half  avia-builder-el-last '  ><div class='flex_cell_inner'>\n<style type=\"text\/css\" data-created_by=\"avia_inline_auto\" id=\"style-css-av-16ntz-45a7beb31e7c9bfb03b42e51e718b510\">\n.flex_column.av-16ntz-45a7beb31e7c9bfb03b42e51e718b510{\nborder-radius:0px 0px 0px 0px;\npadding:0px 0px 0px 0px;\n}\n<\/style>\n<div  class='flex_column av-16ntz-45a7beb31e7c9bfb03b42e51e718b510 av_one_full  avia-builder-el-15  avia-builder-el-no-sibling  first flex_column_div av-zero-column-padding  '     ><div  class='avia-video av-ln0fkbfo-53208c3fd7d4be9a0817bc02f5ae7c9a avia-video-16-9 av-no-preview-image avia-video-load-always av-lazyload-immediate av-lazyload-video-embed'  itemprop=\"video\" itemtype=\"https:\/\/schema.org\/VideoObject\"  data-original_url='https:\/\/www.youtube.com\/watch?v=1hMy6M4MD5o'><script type='text\/html' class='av-video-tmpl'><div class='avia-iframe-wrap'><iframe loading=\"lazy\" title=\"ALINTRA SYSTEMS | Lightweigth industrialised solutions for transport and industry\" width=\"1500\" height=\"844\" src=\"https:\/\/www.youtube.com\/embed\/1hMy6M4MD5o?feature=oembed&autoplay=0&loop=0&controls=1&mute=0\" frameborder=\"0\" allow=\"accelerometer; autoplay; clipboard-write; encrypted-media; gyroscope; picture-in-picture; web-share\" allowfullscreen><\/iframe><\/div><\/script><div class='av-click-to-play-overlay'><div class=\"avia_playpause_icon\"><\/div><\/div><\/div><\/div>\n<\/div><\/div>\n<\/div>\n\n<style type=\"text\/css\" data-created_by=\"avia_inline_auto\" id=\"style-css-av-1x1iv-8fe25c215a596b0e010ed9988c72bfe7\">\n.avia-section.av-1x1iv-8fe25c215a596b0e010ed9988c72bfe7{\nbackground-color:#939393;\nbackground-image:unset;\n}\n<\/style>\n<div id='empresa-sec1'  class='avia-section av-1x1iv-8fe25c215a596b0e010ed9988c72bfe7 main_color avia-section-small avia-no-border-styling  avia-builder-el-17  el_after_av_layout_row  el_before_av_layout_row  avia-bg-style-scroll container_wrap sidebar_right'  ><div class='container av-section-cont-open' ><div class='template-page content  av-content-small alpha units'><div class='post-entry post-entry-type-page post-entry-1425'><div class='entry-content-wrapper clearfix'>\n\n<style type=\"text\/css\" data-created_by=\"avia_inline_auto\" id=\"style-css-av-1otov-fac45403bb8831fa8ec71efe801b6d39\">\n.flex_column.av-1otov-fac45403bb8831fa8ec71efe801b6d39{\nborder-radius:0px 0px 0px 0px;\npadding:0px 0px 0px 0px;\n}\n<\/style>\n<div  class='flex_column av-1otov-fac45403bb8831fa8ec71efe801b6d39 av_one_full  avia-builder-el-18  avia-builder-el-no-sibling  first flex_column_div av-zero-column-padding  '     ><style type=\"text\/css\" data-created_by=\"avia_inline_auto\" id=\"style-css-av-jkdxio79-5fca5cf3cd9202df84db156c87004ea7\">\n#top .av_textblock_section.av-jkdxio79-5fca5cf3cd9202df84db156c87004ea7 .avia_textblock{\ncolor:#ffffff;\n}\n<\/style>\n<section  class='av_textblock_section av-jkdxio79-5fca5cf3cd9202df84db156c87004ea7 '   itemscope=\"itemscope\" itemtype=\"https:\/\/schema.org\/CreativeWork\" ><div class='avia_textblock av_inherit_color'  itemprop=\"text\" ><p style=\"text-align: center;\">ALINTRA SYSTEMS is part of the <a href=\"https:\/\/www.aliberico.com\/en\/\" target=\"_blank\" rel=\"noopener\">ALIBERICO<\/a> Group, the first Spanish and European private family group dedicated to the manufacture of semi-processed aluminium products. Currently, 38 companies belong to the Group, with different business lines and 21 factories distributed over 3 continents. The Group exports 70% of its production and sells its products in more than 90 countries on 5 continents.<\/p>\n<p style=\"text-align: center;\">The companies belonging to the <a href=\"https:\/\/www.aliberico.com\/en\/\" target=\"_blank\" rel=\"noopener\">ALIBERICO<\/a> Group operate with technologically advanced aluminium products and with their own Premium brands, recognised as world leaders in the sectors of packaging, building, surface treatment, transport, health (clean rooms, operating rooms and emergency ICUs), industry and renewable energies.<\/p>\n<\/div><\/section><\/div>\n\n<\/div><\/div><\/div><!-- close content main div --><\/div><\/div><div id='oficina-tecnica'  class='av-layout-grid-container av-uwwz-5b835ab0dd0c5404037db2d74d52fafa entry-content-wrapper main_color av-flex-cells av-break-at-tablet  avia-builder-el-20  el_after_av_section  el_before_av_section  av-cell-min-height av-cell-min-height-50 grid-row-not-first  container_wrap sidebar_right'   data-av_minimum_height_pc='50'>\n\n<style type=\"text\/css\" data-created_by=\"avia_inline_auto\" id=\"style-css-av-jlca1zc0-47bd206e1fd0e07165f7861b3c3476ed\">\n.flex_cell.av-jlca1zc0-47bd206e1fd0e07165f7861b3c3476ed{\nvertical-align:middle;\nbackground:url(https:\/\/alintrasystems.com\/wp-content\/uploads\/2023\/09\/Imagen-fabrica-2-scaled.jpg) 50% 50% no-repeat scroll ;\n}\n.responsive #top #wrap_all .flex_cell.av-jlca1zc0-47bd206e1fd0e07165f7861b3c3476ed{\npadding:200px 200px 200px 200px !important;\n}\n<\/style>\n<div class='flex_cell av-jlca1zc0-47bd206e1fd0e07165f7861b3c3476ed av-gridrow-cell av_one_half no_margin  avia-builder-el-21  el_before_av_cell_one_half  avia-builder-el-first  avia-full-stretch'  ><div class='flex_cell_inner'><\/div><\/div>\n<style type=\"text\/css\" data-created_by=\"avia_inline_auto\" id=\"style-css-av-1d2b7-ba10992879c91069fb05dcf7cb0872de\">\n.flex_cell.av-1d2b7-ba10992879c91069fb05dcf7cb0872de{\nvertical-align:middle;\n}\n.responsive #top #wrap_all .flex_cell.av-1d2b7-ba10992879c91069fb05dcf7cb0872de{\npadding:50px 50px 50px 50px !important;\n}\n<\/style>\n<div class='flex_cell av-1d2b7-ba10992879c91069fb05dcf7cb0872de av-gridrow-cell av_one_half no_margin  avia-builder-el-22  el_after_av_cell_one_half  avia-builder-el-last '  ><div class='flex_cell_inner'>\n<style type=\"text\/css\" data-created_by=\"avia_inline_auto\" id=\"style-css-av-qpdf-b8f5f01c858404211f0f09335d85402e\">\n.flex_column.av-qpdf-b8f5f01c858404211f0f09335d85402e{\nborder-radius:0px 0px 0px 0px;\npadding:0px 0px 0px 0px;\n}\n<\/style>\n<div  class='flex_column av-qpdf-b8f5f01c858404211f0f09335d85402e av_one_full  avia-builder-el-23  avia-builder-el-no-sibling  first flex_column_div av-zero-column-padding  '     ><section  class='av_textblock_section av-jkdzemgx-2147d45772c98862653f20c21ad1f642 '   itemscope=\"itemscope\" itemtype=\"https:\/\/schema.org\/CreativeWork\" ><div class='avia_textblock'  itemprop=\"text\" ><h2>Products<\/h2>\n<\/div><\/section><br \/>\n\n<style type=\"text\/css\" data-created_by=\"avia_inline_auto\" id=\"style-css-av-jldfpvxy-ecc7048dd87b092117921d05149745e7\">\n#top .hr.av-jldfpvxy-ecc7048dd87b092117921d05149745e7{\nmargin-top:0;\nmargin-bottom:20px;\n}\n.hr.av-jldfpvxy-ecc7048dd87b092117921d05149745e7 .hr-inner{\nwidth:50px;\nborder-color:#d3d3d3;\n}\n<\/style>\n<div  class='hr av-jldfpvxy-ecc7048dd87b092117921d05149745e7 hr-custom  avia-builder-el-25  el_after_av_textblock  el_before_av_textblock  hr-left hr-icon-no'><span class='hr-inner inner-border-av-border-thin'><span class=\"hr-inner-style\"><\/span><\/span><\/div><br \/>\n\n<style type=\"text\/css\" data-created_by=\"avia_inline_auto\" id=\"style-css-av-jkdzemgx-942e2101cd751a080df157b78d306bfb\">\n#top .av_textblock_section.av-jkdzemgx-942e2101cd751a080df157b78d306bfb .avia_textblock{\ncolor:#666666;\n}\n<\/style>\n<section  class='av_textblock_section av-jkdzemgx-942e2101cd751a080df157b78d306bfb '   itemscope=\"itemscope\" itemtype=\"https:\/\/schema.org\/CreativeWork\" ><div class='avia_textblock av_inherit_color'  itemprop=\"text\" ><p>ALINTRA SYSTEMS works with technologically advanced and high quality materials, such as <span class=\"lar\">larcore<sup>\u00ae<\/sup><\/span> aluminium honeycomb panels, and meets the most demanding international quality and environmental certifications.<\/p>\n<p>They manufacture and transform lightweight industrialised solutions for cruise ships, high-speed ferries, yachts, electric buses and trains. It also develops light and resistant elements or components for applications in elevators, light modular constructions such as operating or clean rooms, industrial furniture, machinery fairings, bodywork, tools and mobile platforms.<\/p>\n<p>Furthermore, they develop new solutions combining different materials and accessories, always looking for the best alternative to satisfy its customers.<\/p>\n<\/div><\/section><\/p><\/div>\n<\/div><\/div><\/div>\n<style type=\"text\/css\" data-created_by=\"avia_inline_auto\" id=\"style-css-av-jkdvkl5v-17593d1efa5ded0173df36f9b6bcc4d0\">\n.avia-section.av-jkdvkl5v-17593d1efa5ded0173df36f9b6bcc4d0{\nbackground-repeat:no-repeat;\nbackground-image:url(https:\/\/alintrasystems.com\/wp-content\/uploads\/2023\/09\/Imagen-interior-fabrica-1-scaled.jpg);\nbackground-position:50% 0%;\nbackground-attachment:scroll;\n}\n<\/style>\n<div id='av_section_4'  class='avia-section av-jkdvkl5v-17593d1efa5ded0173df36f9b6bcc4d0 main_color avia-section-large avia-no-border-styling  avia-builder-el-27  el_after_av_layout_row  el_before_av_section  avia-full-stretch avia-bg-style-scroll av-minimum-height av-minimum-height-50 av-height-50  container_wrap sidebar_right'  data-section-bg-repeat='stretch' data-av_minimum_height_pc='50' data-av_min_height_opt='50'><div class='container av-section-cont-open' ><div class='template-page content  av-content-small alpha units'><div class='post-entry post-entry-type-page post-entry-1425'><div class='entry-content-wrapper clearfix'><\/p>\n<\/div><\/div><\/div><!-- close content main div --><\/div><\/div>\n<style type=\"text\/css\" data-created_by=\"avia_inline_auto\" id=\"style-css-av-jloz3psr-08c55307091160668f8d7f53cc7db84b\">\n.avia-section.av-jloz3psr-08c55307091160668f8d7f53cc7db84b{\nbackground-color:#ff7200;\nbackground-image:unset;\n}\n<\/style>\n<div id='empresa-experiencia'  class='avia-section av-jloz3psr-08c55307091160668f8d7f53cc7db84b main_color avia-section-small avia-no-border-styling  avia-builder-el-28  el_after_av_section  avia-builder-el-last  avia-bg-style-scroll container_wrap sidebar_right'  ><div class='container av-section-cont-open' ><div class='template-page content  av-content-small alpha units'><div class='post-entry post-entry-type-page post-entry-1425'><div class='entry-content-wrapper clearfix'>\n\n<style type=\"text\/css\" data-created_by=\"avia_inline_auto\" id=\"style-css-av-28yrn-8e99c24ffc74986a1e10b6da65aaa359\">\n.flex_column.av-28yrn-8e99c24ffc74986a1e10b6da65aaa359{\nborder-radius:0px 0px 0px 0px;\npadding:0px 0px 0px 0px;\n}\n<\/style>\n<div  class='flex_column av-28yrn-8e99c24ffc74986a1e10b6da65aaa359 av_one_full  avia-builder-el-29  avia-builder-el-no-sibling  first flex_column_div av-zero-column-padding  '     ><style type=\"text\/css\" data-created_by=\"avia_inline_auto\" id=\"style-css-av-jkdzemgx-e9ec5a4e6459f92e59b76f1a95e98f83\">\n#top .av_textblock_section.av-jkdzemgx-e9ec5a4e6459f92e59b76f1a95e98f83 .avia_textblock{\nfont-size:14px;\ncolor:#ffffff;\n}\n<\/style>\n<section  class='av_textblock_section av-jkdzemgx-e9ec5a4e6459f92e59b76f1a95e98f83 '   itemscope=\"itemscope\" itemtype=\"https:\/\/schema.org\/CreativeWork\" ><div class='avia_textblock av_inherit_color'  itemprop=\"text\" ><h3 style=\"text-align: center;\"><strong>ALINTRA SYSTEMS STANDS FOR QUALITY, DESIGN AND INNOVATION<\/strong><\/h3>\n<p style=\"text-align: center;\">They accompany you in every project, taking care of every detail to offer you a unique solution that will make your project shine.<\/p>\n<\/div><\/section><\/div>\n<\/div><\/div><\/div><!-- close content main div --><\/div><\/div><div id='after_section_5'  class='main_color av_default_container_wrap container_wrap sidebar_right'  ><div class='container av-section-cont-open' ><div class='template-page content  av-content-small alpha units'><div class='post-entry post-entry-type-page post-entry-1425'><div class='entry-content-wrapper clearfix'>\n","protected":false},"excerpt":{"rendered":"","protected":false},"author":2,"featured_media":0,"parent":0,"menu_order":0,"comment_status":"closed","ping_status":"closed","template":"","meta":{"footnotes":""},"class_list":["post-1425","page","type-page","status-publish","hentry"],"yoast_head":"<!-- This site is optimized with the Yoast SEO plugin v27.0 - https:\/\/yoast.com\/product\/yoast-seo-wordpress\/ -->\n<title>The Company - Alintra Systems<\/title>\n<meta name=\"description\" content=\"ALINTRA Systems cuenta con una amplia f\u00e1brica y moderna maquinaria, donde se innova, dise\u00f1a y desarrollan soluciones a medida para cada aplicaci\u00f3n y cliente.\" \/>\n<meta name=\"robots\" content=\"index, follow, max-snippet:-1, max-image-preview:large, max-video-preview:-1\" \/>\n<link rel=\"canonical\" href=\"https:\/\/alintrasystems.com\/en\/empresa\/\" \/>\n<meta property=\"og:locale\" content=\"en_US\" \/>\n<meta property=\"og:type\" content=\"article\" \/>\n<meta property=\"og:title\" content=\"The Company - Alintra Systems\" \/>\n<meta property=\"og:description\" content=\"ALINTRA Systems cuenta con una amplia f\u00e1brica y moderna maquinaria, donde se innova, dise\u00f1a y desarrollan soluciones a medida para cada aplicaci\u00f3n y cliente.\" \/>\n<meta property=\"og:url\" content=\"https:\/\/alintrasystems.com\/en\/empresa\/\" \/>\n<meta property=\"og:site_name\" content=\"Alintra Systems\" \/>\n<meta property=\"article:modified_time\" content=\"2023-10-25T09:44:02+00:00\" \/>\n<meta name=\"twitter:card\" content=\"summary_large_image\" \/>\n<meta name=\"twitter:label1\" content=\"Est. reading time\" \/>\n\t<meta name=\"twitter:data1\" content=\"5 minutes\" \/>\n<script type=\"application\/ld+json\" class=\"yoast-schema-graph\">{\"@context\":\"https:\/\/schema.org\",\"@graph\":[{\"@type\":\"WebPage\",\"@id\":\"https:\/\/alintrasystems.com\/en\/empresa\/\",\"url\":\"https:\/\/alintrasystems.com\/en\/empresa\/\",\"name\":\"The Company - Alintra Systems\",\"isPartOf\":{\"@id\":\"https:\/\/alintrasystems.com\/#website\"},\"datePublished\":\"2018-08-01T09:50:28+00:00\",\"dateModified\":\"2023-10-25T09:44:02+00:00\",\"description\":\"ALINTRA Systems cuenta con una amplia f\u00e1brica y moderna maquinaria, donde se innova, dise\u00f1a y desarrollan soluciones a medida para cada aplicaci\u00f3n y cliente.\",\"breadcrumb\":{\"@id\":\"https:\/\/alintrasystems.com\/en\/empresa\/#breadcrumb\"},\"inLanguage\":\"en-US\",\"potentialAction\":[{\"@type\":\"ReadAction\",\"target\":[\"https:\/\/alintrasystems.com\/en\/empresa\/\"]}]},{\"@type\":\"BreadcrumbList\",\"@id\":\"https:\/\/alintrasystems.com\/en\/empresa\/#breadcrumb\",\"itemListElement\":[{\"@type\":\"ListItem\",\"position\":1,\"name\":\"Portada\",\"item\":\"https:\/\/alintrasystems.com\/en\/home\/\"},{\"@type\":\"ListItem\",\"position\":2,\"name\":\"The Company\"}]},{\"@type\":\"WebSite\",\"@id\":\"https:\/\/alintrasystems.com\/#website\",\"url\":\"https:\/\/alintrasystems.com\/\",\"name\":\"Alintra Systems\",\"description\":\"Soluciones innovadores con tecnolog\u00eda y materiales avanzados para Transporte e Industria\",\"potentialAction\":[{\"@type\":\"SearchAction\",\"target\":{\"@type\":\"EntryPoint\",\"urlTemplate\":\"https:\/\/alintrasystems.com\/?s={search_term_string}\"},\"query-input\":{\"@type\":\"PropertyValueSpecification\",\"valueRequired\":true,\"valueName\":\"search_term_string\"}}],\"inLanguage\":\"en-US\"}]}<\/script>\n<!-- \/ Yoast SEO plugin. -->","yoast_head_json":{"title":"The Company - Alintra Systems","description":"ALINTRA Systems cuenta con una amplia f\u00e1brica y moderna maquinaria, donde se innova, dise\u00f1a y desarrollan soluciones a medida para cada aplicaci\u00f3n y cliente.","robots":{"index":"index","follow":"follow","max-snippet":"max-snippet:-1","max-image-preview":"max-image-preview:large","max-video-preview":"max-video-preview:-1"},"canonical":"https:\/\/alintrasystems.com\/en\/empresa\/","og_locale":"en_US","og_type":"article","og_title":"The Company - Alintra Systems","og_description":"ALINTRA Systems cuenta con una amplia f\u00e1brica y moderna maquinaria, donde se innova, dise\u00f1a y desarrollan soluciones a medida para cada aplicaci\u00f3n y cliente.","og_url":"https:\/\/alintrasystems.com\/en\/empresa\/","og_site_name":"Alintra Systems","article_modified_time":"2023-10-25T09:44:02+00:00","twitter_card":"summary_large_image","twitter_misc":{"Est. reading time":"5 minutes"},"schema":{"@context":"https:\/\/schema.org","@graph":[{"@type":"WebPage","@id":"https:\/\/alintrasystems.com\/en\/empresa\/","url":"https:\/\/alintrasystems.com\/en\/empresa\/","name":"The Company - Alintra Systems","isPartOf":{"@id":"https:\/\/alintrasystems.com\/#website"},"datePublished":"2018-08-01T09:50:28+00:00","dateModified":"2023-10-25T09:44:02+00:00","description":"ALINTRA Systems cuenta con una amplia f\u00e1brica y moderna maquinaria, donde se innova, dise\u00f1a y desarrollan soluciones a medida para cada aplicaci\u00f3n y cliente.","breadcrumb":{"@id":"https:\/\/alintrasystems.com\/en\/empresa\/#breadcrumb"},"inLanguage":"en-US","potentialAction":[{"@type":"ReadAction","target":["https:\/\/alintrasystems.com\/en\/empresa\/"]}]},{"@type":"BreadcrumbList","@id":"https:\/\/alintrasystems.com\/en\/empresa\/#breadcrumb","itemListElement":[{"@type":"ListItem","position":1,"name":"Portada","item":"https:\/\/alintrasystems.com\/en\/home\/"},{"@type":"ListItem","position":2,"name":"The Company"}]},{"@type":"WebSite","@id":"https:\/\/alintrasystems.com\/#website","url":"https:\/\/alintrasystems.com\/","name":"Alintra Systems","description":"Soluciones innovadores con tecnolog\u00eda y materiales avanzados para Transporte e Industria","potentialAction":[{"@type":"SearchAction","target":{"@type":"EntryPoint","urlTemplate":"https:\/\/alintrasystems.com\/?s={search_term_string}"},"query-input":{"@type":"PropertyValueSpecification","valueRequired":true,"valueName":"search_term_string"}}],"inLanguage":"en-US"}]}},"_links":{"self":[{"href":"https:\/\/alintrasystems.com\/en\/wp-json\/wp\/v2\/pages\/1425","targetHints":{"allow":["GET"]}}],"collection":[{"href":"https:\/\/alintrasystems.com\/en\/wp-json\/wp\/v2\/pages"}],"about":[{"href":"https:\/\/alintrasystems.com\/en\/wp-json\/wp\/v2\/types\/page"}],"author":[{"embeddable":true,"href":"https:\/\/alintrasystems.com\/en\/wp-json\/wp\/v2\/users\/2"}],"replies":[{"embeddable":true,"href":"https:\/\/alintrasystems.com\/en\/wp-json\/wp\/v2\/comments?post=1425"}],"version-history":[{"count":19,"href":"https:\/\/alintrasystems.com\/en\/wp-json\/wp\/v2\/pages\/1425\/revisions"}],"predecessor-version":[{"id":3208,"href":"https:\/\/alintrasystems.com\/en\/wp-json\/wp\/v2\/pages\/1425\/revisions\/3208"}],"wp:attachment":[{"href":"https:\/\/alintrasystems.com\/en\/wp-json\/wp\/v2\/media?parent=1425"}],"curies":[{"name":"wp","href":"https:\/\/api.w.org\/{rel}","templated":true}]}}