{"id":1615,"date":"2018-09-19T13:01:36","date_gmt":"2018-09-19T13:01:36","guid":{"rendered":"https:\/\/alintrasystems.com\/?page_id=1615"},"modified":"2022-01-28T09:09:41","modified_gmt":"2022-01-28T09:09:41","slug":"cookie-richtlinien","status":"publish","type":"page","link":"https:\/\/alintrasystems.com\/de\/cookie-richtlinien\/","title":{"rendered":"Cookie-richtlinien"},"content":{"rendered":"\n<style type=\"text\/css\" data-created_by=\"avia_inline_auto\" id=\"style-css-av-2pumin-5c7f1746feac362225d666751e8688af\">\n.flex_column.av-2pumin-5c7f1746feac362225d666751e8688af{\nborder-radius:0px 0px 0px 0px;\npadding:0px 0px 0px 0px;\n}\n<\/style>\n<div  class='flex_column av-2pumin-5c7f1746feac362225d666751e8688af av_one_full  avia-builder-el-0  el_before_av_hr  avia-builder-el-first  first flex_column_div av-zero-column-padding  '     ><section  class='av_textblock_section av-jm94lru9-457e5da48a10b301bd68cc09deed28c3 '   itemscope=\"itemscope\" itemtype=\"https:\/\/schema.org\/CreativeWork\" ><div class='avia_textblock'  itemprop=\"text\" ><h1><strong>COOKIE-RICHTLINIEN<\/strong><\/h1>\n<\/div><\/section><\/div>\n\n<style type=\"text\/css\" data-created_by=\"avia_inline_auto\" id=\"style-css-av-jm94ljg4-80f11f889caffd888044bc55081c2056\">\n#top .hr.hr-invisible.av-jm94ljg4-80f11f889caffd888044bc55081c2056{\nheight:30px;\n}\n<\/style>\n<div  class='hr av-jm94ljg4-80f11f889caffd888044bc55081c2056 hr-invisible  avia-builder-el-2  el_after_av_one_full  el_before_av_textblock '><span class='hr-inner '><span class=\"hr-inner-style\"><\/span><\/span><\/div>\n<section  class='av_textblock_section av-jm94onfi-51e6b00580dc51a12a59025ebee7a047 '   itemscope=\"itemscope\" itemtype=\"https:\/\/schema.org\/CreativeWork\" ><div class='avia_textblock'  itemprop=\"text\" ><p data-syno-style=\"{\" data-syno-marks=\"[{\"><span data-syno-text=\"true\"><u>Was ist ein Cookie?<\/u><\/span><\/p>\n<p data-syno-style=\"{\" data-syno-marks=\"[{\"><span data-syno-text=\"true\">Ein Cookie ist eine Textdatei, die auf Ihren PC heruntergeladen wird, wenn Sie auf bestimmte Webseiten zugreifen. Die Cookies erm\u00f6glichen es, einer Webseite (unter anderem) Informationen \u00fcber die Surfgewohnheiten eines Benutzers oder seines Teams zu speichern und abzurufen. Dies h\u00e4ngt von den darin enthaltenen Informationen und der Art und Weise ab, wie Ihre Ger\u00e4te verwendet werden, um sie zu erkennen.<\/span><\/p>\n<p data-syno-style=\"{\" data-syno-marks=\"[{\"><span data-syno-text=\"true\">Diese Medien erhalten jedoch nur Informationen \u00fcber die Anzahl der Besuche, die Stadt, auf die auf die IP-Adresse zugegriffen wird, die Anzahl der neuen Benutzer, die H\u00e4ufigkeit und R\u00fcckf\u00e4lligkeit von Besuchen, die Besuchszeit, der Browser, Betreiber oder Typ des Terminals, von dem aus der Besuch erfolgt. In keinem Fall werden Daten \u00fcber den Namen, den Nachnamen, die Postanschrift oder andere \u00e4hnliche Daten des Benutzers erhalten, der eine Verbindung hergestellt hat.<\/span><\/p>\n<p data-syno-style=\"{\" data-syno-marks=\"[{\"><span data-syno-text=\"true\"><u>Welche Arten von Cookies gibt es?<\/u><\/span><\/p>\n<p data-syno-style=\"{\" data-syno-marks=\"[{\"><span data-syno-text=\"true\">Sie k\u00f6nnen eigenen Cookies oder Third-Party Cookies sein. Eigenen Cookies sind diejenigen, die von einem PC oder einer Dom\u00e4ne, die vom Webeditor selbst verwaltet wird, an den PC des Benutzers gesendet werden, von dem aus der vom Benutzer angeforderte Dienst bereitgestellt wird. Die Third-Party Cookies sind diejenigen, die von einem PC oder einer Dom\u00e4ne an das Endger\u00e4t des Benutzers gesendet werden, die nicht vom Herausgeber verwaltet wird, sondern von einer anderen Grundlage, die die durch Cookies erhaltenen Daten verarbeitet.<\/span><\/p>\n<p data-syno-style=\"{\" data-syno-marks=\"[{\"><span data-syno-text=\"true\">Dar\u00fcber hinaus k\u00f6nnen Session-Cookies oder Persistente Cookies sein. Die Session-Cookies sind eine Art von Cookies, mit denen Daten gesammelt und gespeichert werden, w\u00e4hrend der Benutzer auf eine Webseite zugreift. Die Persistente Cookies sind eine Art von Cookies, bei dem die im Terminal gespeicherten Daten gespeichert bleiben und f\u00fcr einen von der f\u00fcr das Cookie verantwortlichen Person festgelegten Zeitraum abgerufen und verarbeitet werden k\u00f6nnen. Dieser Zeitraum kann zwischen einigen Minuten und mehreren Jahren liegen.<\/span><\/p>\n<p data-syno-style=\"{\" data-syno-marks=\"[{\"><span data-syno-text=\"true\"><u>Wer ist f\u00fcr die Behandlung von Cookies auf dieser Webseite verantwortlich?<\/u><\/span><\/p>\n<p data-syno-style=\"{\" data-syno-marks=\"[{\"><span data-syno-text=\"true\">Der Inhaber der Webseite und der Verantwortliche f\u00fcr die Behandlung der hier verwendeten Cookies sowie deren Kontaktinformationen sind im <\/span><span data-syno-text=\"true\"><strong>Rechtlicher Hinweis<\/strong><\/span><span data-syno-text=\"true\"> auf dieser Seite zug\u00e4nglich. Ebenso k\u00f6nnen andere Third-Party Cookies als der Eigent\u00fcmer dieser Webseite vorhanden sein.<\/span><\/p>\n<p data-syno-style=\"{\" data-syno-marks=\"[{\"><span data-syno-text=\"true\"><u>Wie werden die Cookies von dieser Webseite verwendet? <\/u><\/span><\/p>\n<\/div><\/section>\n\n<section  class='av_textblock_section av-jm94onfi-51e6b00580dc51a12a59025ebee7a047 '   itemscope=\"itemscope\" itemtype=\"https:\/\/schema.org\/CreativeWork\" ><div class='avia_textblock'  itemprop=\"text\" ><p data-syno-style=\"{\" data-syno-marks=\"&#091;{\"><span data-syno-text=\"true\"><u>Was ist die Legitimation f\u00fcr die Verwendung von Cookies?<\/u><\/span><\/p>\n<p data-syno-style=\"{\" data-syno-marks=\"&#091;{\"><span data-syno-text=\"true\">Technische Cookies, das hei\u00dft solche, die f\u00fcr das Durchsuchen dieser Website und den Erhalt des \u00fcber sie angebotenen Dienstes unerl\u00e4sslich sind, haben die Rechtsgrundlage in die Vereinbarung, \u00fcber die Sie sich entscheiden, diese Website und ihre Dienste zu nutzen.<\/span><span data-syno-text=\"true\">\u00a0<\/span><\/p>\n<p data-syno-style=\"{\" data-syno-marks=\"&#091;{\"><span data-syno-text=\"true\">Rechtsgrundlage f\u00fcr die Verwendung anderer Cookies ist die Einwilligung des Nutzers, die zum Zeitpunkt des Zugriffs auf diese Website angefordert wird und jederzeit widerrufen werden kann. Der Widerruf dieser Einwilligung hat keine Auswirkungen auf die M\u00f6glichkeit, auf dieser Website zu surfen und ihre Dienste zu nutzen. Die zuvor durchgef\u00fchrte Datenverarbeitung verliert jedoch nicht ihre Rechtm\u00e4\u00dfigkeit, f\u00fcr die Tatsache, dass die Einwilligung widerrufen wurde.<\/span><span data-syno-text=\"true\">\u00a0<\/span><\/p>\n<p data-syno-style=\"{\" data-syno-marks=\"&#091;{\"><span data-syno-text=\"true\"><u>An welche Empf\u00e4nger werden Cookies \u00fcbermittelt oder k\u00f6nnen sie darauf zugreifen?<\/u><\/span><\/p>\n<p data-syno-style=\"{\" data-syno-marks=\"&#091;{\"><span data-syno-text=\"true\">Wenn es Third-Party Cookies gibt,<\/span> <span data-syno-text=\"true\">wie oben angegeben, k\u00f6nnen diese Drittanbietern auf Cookies zugreifen und diese auf die oben beschriebene Weise verwenden.<\/span><\/p>\n<p data-syno-style=\"{\" data-syno-marks=\"&#091;{\"><span data-syno-text=\"true\"><u>Welche Rechte haben Sie in Bezug auf die Verwendung von Cookies auf dieser Webseite?<\/u><\/span><\/p>\n<p data-syno-style=\"{\" data-syno-marks=\"&#091;{\"><span data-syno-text=\"true\">Nach den geltenden Vorschriften hat jeder das Recht, eine Best\u00e4tigung dar\u00fcber zu erhalten, ob personenbezogene Daten, die ihn betreffen, verarbeitet werden oder nicht. Ebenso haben interessierte Personen das Recht, auf ihre Daten zuzugreifen sowie die Berichtigung ungenauer Daten zu beantragen oder gegebenenfalls deren L\u00f6schung zu beantragen, wenn die Daten unter anderem f\u00fcr die Zwecke, f\u00fcr die sie nicht mehr erforderlich sind, erforderlich sind wurden gesammelt. Im Falle von Cookies k\u00f6nnen diese Rechte vorbehaltlich der Einschr\u00e4nkungen ausge\u00fcbt werden, die sich aus der Art dieser Dateien ergeben.<\/span><\/p>\n<p data-syno-style=\"{\" data-syno-marks=\"&#091;{\"><span data-syno-text=\"true\">Unter den in der Allgemeinen Datenschutzverordnung vorgesehenen Bedingungen k\u00f6nnen die interessierten Parteien die Einschr\u00e4nkung der Behandlung ihrer Daten oder ihrer Portabilit\u00e4t beantragen. In diesem Fall werden wir sie nur zur Aus\u00fcbung oder Verteidigung von Anspr\u00fcchen aufbewahren.<\/span><\/p>\n<p data-syno-style=\"{\" data-syno-marks=\"&#091;{\"><span data-syno-text=\"true\">Unter bestimmten Umst\u00e4nden und aus Gr\u00fcnden, die mit ihrer jeweiligen Situation zusammenh\u00e4ngen, k\u00f6nnen die interessierten Parteien der Verarbeitung ihrer Daten widersprechen. Wenn Sie eine Einwilligung f\u00fcr einen bestimmten Zweck erteilt haben, haben Sie das Recht, diese jederzeit zu widerrufen, ohne die Rechtm\u00e4\u00dfigkeit der Behandlung aufgrund der Einwilligung vor ihrem Widerruf zu beeintr\u00e4chtigen. In diesen F\u00e4llen werden wir die Verarbeitung der Daten einstellen oder gegebenenfalls f\u00fcr diesen bestimmten Zweck einstellen, au\u00dfer aus zwingenden berechtigten Gr\u00fcnden oder zur Aus\u00fcbung oder Verteidigung m\u00f6glicher Anspr\u00fcche.<\/span><\/p>\n<p data-syno-style=\"{\" data-syno-marks=\"&#091;{\"><span data-syno-text=\"true\">Angesichts einer Verletzung Ihrer Rechte, insbesondere wenn Sie mit Ihrer Aus\u00fcbung nicht zufrieden sind, k\u00f6nnen Sie eine Klage bei der spanischen Datenschutzbeh\u00f6rde (Kontaktdaten unter www.agpd.es) oder einer anderen zust\u00e4ndigen Kontrollbeh\u00f6rde einreichen.<\/span> <span data-syno-text=\"true\">Weitere Informationen zu Ihren Rechten erhalten Sie auch, indem Sie sich an diese Organisationen wenden.<\/span><\/p>\n<p data-syno-style=\"{\" data-syno-marks=\"&#091;{\"><span data-syno-text=\"true\"><u>Wie kann ich Cookies verwalten?<\/u><\/span><\/p>\n<p data-syno-style=\"{\" data-syno-marks=\"&#091;{\">Sie k\u00f6nnen die auf Ihrem PC installierten Cookies zulassen, blockieren oder l\u00f6schen, indem Sie auf den folgenden Link klicken: <a role='button' tabindex='0' class=\"medium cli-plugin-button cli-plugin-main-button cli_settings_button\" style=\"margin:20px 5px;\" >COOKIES EINSTELLUNGEN<\/a><\/p>\n<p data-syno-style=\"{\" data-syno-marks=\"&#091;{\">Sie k\u00f6nnen auch Ihre Browseroptionen konfigurieren. Informationen dazu in Bezug auf die g\u00e4ngigsten Browser finden Sie unter den folgenden Links:<\/p>\n<ul>\n<li>\n<p data-syno-style=\"{\" data-syno-marks=\"&#091;{\"><span data-syno-text=\"true\"><u>Explorer<\/u><\/span><span data-syno-text=\"true\">:\u00a0<\/span><a href=\"https:\/\/support.microsoft.com\/es-es\/help\/17442\/windows-internet-explorer-delete-manage-cookies\" target=\"_blank\" rel=\"noopener\"><span data-syno-text=\"true\"><u>https:\/\/support.microsoft.com\/es-es\/help\/17442\/windows-internet-explorer-delete-manage-cookies<\/u><\/span><\/a><\/p>\n<\/li>\n<li>\n<p data-syno-style=\"{\" data-syno-marks=\"&#091;{\"><span data-syno-text=\"true\"><u>Firefox<\/u><\/span><span data-syno-text=\"true\">:\u00a0<\/span><a href=\"https:\/\/support.mozilla.org\/es\/kb\/habilitar-y-deshabilitar-cookies-que-los-sitios-we\" target=\"_blank\" rel=\"noopener\"><span data-syno-text=\"true\"><u>https:\/\/support.mozilla.org\/es\/kb\/habilitar-y-deshabilitar-cookies-que-los-sitios-we<\/u><\/span><\/a><\/p>\n<\/li>\n<li>\n<p data-syno-style=\"{\" data-syno-marks=\"&#091;{\"><span data-syno-text=\"true\"><u>Chrome<\/u><\/span><span data-syno-text=\"true\">:\u00a0<\/span><a href=\"http:\/\/support.google.com\/chrome\/bin\/answer.py?hl=es&amp;answer=95647\" target=\"_blank\" rel=\"noopener\"><span data-syno-text=\"true\"><u>http:\/\/support.google.com\/chrome\/bin\/answer.py?hl=es&amp;answer=9564<\/u><\/span><span data-syno-text=\"true\"><u>7<\/u><\/span><\/a><\/p>\n<\/li>\n<li>\n<p data-syno-style=\"{\" data-syno-marks=\"&#091;{\"><span data-syno-text=\"true\"><u>Safari<\/u><\/span><span data-syno-text=\"true\">:\u00a0<\/span><a href=\"https:\/\/support.apple.com\/es-es\/guide\/safari\/sfri11471\/mac\" target=\"_blank\" rel=\"noopener\"><span data-syno-text=\"true\"><u>https:\/\/support.apple.com\/es-es\/guide\/safari\/sfri11471\/mac<\/u><\/span><\/a><\/p>\n<\/li>\n<\/ul>\n<\/div><\/section>\n","protected":false},"excerpt":{"rendered":"","protected":false},"author":2,"featured_media":0,"parent":0,"menu_order":0,"comment_status":"closed","ping_status":"closed","template":"","meta":{"footnotes":""},"class_list":["post-1615","page","type-page","status-publish","hentry"],"yoast_head":"<!-- This site is optimized with the Yoast SEO plugin v27.0 - https:\/\/yoast.com\/product\/yoast-seo-wordpress\/ -->\n<title>Cookie-richtlinien - Alintra Systems<\/title>\n<meta name=\"robots\" content=\"index, follow, max-snippet:-1, max-image-preview:large, max-video-preview:-1\" \/>\n<link rel=\"canonical\" href=\"https:\/\/alintrasystems.com\/de\/cookie-richtlinien\/\" \/>\n<meta property=\"og:locale\" content=\"de_DE\" \/>\n<meta property=\"og:type\" content=\"article\" \/>\n<meta property=\"og:title\" content=\"Cookie-richtlinien - Alintra Systems\" \/>\n<meta property=\"og:url\" content=\"https:\/\/alintrasystems.com\/de\/cookie-richtlinien\/\" \/>\n<meta property=\"og:site_name\" content=\"Alintra Systems\" \/>\n<meta property=\"article:modified_time\" content=\"2022-01-28T09:09:41+00:00\" \/>\n<meta name=\"twitter:card\" content=\"summary_large_image\" \/>\n<meta name=\"twitter:label1\" content=\"Gesch\u00e4tzte Lesezeit\" \/>\n\t<meta name=\"twitter:data1\" content=\"7\u00a0Minuten\" \/>\n<script type=\"application\/ld+json\" class=\"yoast-schema-graph\">{\"@context\":\"https:\/\/schema.org\",\"@graph\":[{\"@type\":\"WebPage\",\"@id\":\"https:\/\/alintrasystems.com\/de\/cookie-richtlinien\/\",\"url\":\"https:\/\/alintrasystems.com\/de\/cookie-richtlinien\/\",\"name\":\"Cookie-richtlinien - Alintra Systems\",\"isPartOf\":{\"@id\":\"https:\/\/alintrasystems.com\/#website\"},\"datePublished\":\"2018-09-19T13:01:36+00:00\",\"dateModified\":\"2022-01-28T09:09:41+00:00\",\"breadcrumb\":{\"@id\":\"https:\/\/alintrasystems.com\/de\/cookie-richtlinien\/#breadcrumb\"},\"inLanguage\":\"de\",\"potentialAction\":[{\"@type\":\"ReadAction\",\"target\":[\"https:\/\/alintrasystems.com\/de\/cookie-richtlinien\/\"]}]},{\"@type\":\"BreadcrumbList\",\"@id\":\"https:\/\/alintrasystems.com\/de\/cookie-richtlinien\/#breadcrumb\",\"itemListElement\":[{\"@type\":\"ListItem\",\"position\":1,\"name\":\"Portada\",\"item\":\"https:\/\/alintrasystems.com\/de\/home\/\"},{\"@type\":\"ListItem\",\"position\":2,\"name\":\"Cookie-richtlinien\"}]},{\"@type\":\"WebSite\",\"@id\":\"https:\/\/alintrasystems.com\/#website\",\"url\":\"https:\/\/alintrasystems.com\/\",\"name\":\"Alintra Systems\",\"description\":\"Soluciones innovadores con tecnolog\u00eda y materiales avanzados para Transporte e Industria\",\"potentialAction\":[{\"@type\":\"SearchAction\",\"target\":{\"@type\":\"EntryPoint\",\"urlTemplate\":\"https:\/\/alintrasystems.com\/?s={search_term_string}\"},\"query-input\":{\"@type\":\"PropertyValueSpecification\",\"valueRequired\":true,\"valueName\":\"search_term_string\"}}],\"inLanguage\":\"de\"}]}<\/script>\n<!-- \/ Yoast SEO plugin. -->","yoast_head_json":{"title":"Cookie-richtlinien - Alintra Systems","robots":{"index":"index","follow":"follow","max-snippet":"max-snippet:-1","max-image-preview":"max-image-preview:large","max-video-preview":"max-video-preview:-1"},"canonical":"https:\/\/alintrasystems.com\/de\/cookie-richtlinien\/","og_locale":"de_DE","og_type":"article","og_title":"Cookie-richtlinien - Alintra Systems","og_url":"https:\/\/alintrasystems.com\/de\/cookie-richtlinien\/","og_site_name":"Alintra Systems","article_modified_time":"2022-01-28T09:09:41+00:00","twitter_card":"summary_large_image","twitter_misc":{"Gesch\u00e4tzte Lesezeit":"7\u00a0Minuten"},"schema":{"@context":"https:\/\/schema.org","@graph":[{"@type":"WebPage","@id":"https:\/\/alintrasystems.com\/de\/cookie-richtlinien\/","url":"https:\/\/alintrasystems.com\/de\/cookie-richtlinien\/","name":"Cookie-richtlinien - Alintra Systems","isPartOf":{"@id":"https:\/\/alintrasystems.com\/#website"},"datePublished":"2018-09-19T13:01:36+00:00","dateModified":"2022-01-28T09:09:41+00:00","breadcrumb":{"@id":"https:\/\/alintrasystems.com\/de\/cookie-richtlinien\/#breadcrumb"},"inLanguage":"de","potentialAction":[{"@type":"ReadAction","target":["https:\/\/alintrasystems.com\/de\/cookie-richtlinien\/"]}]},{"@type":"BreadcrumbList","@id":"https:\/\/alintrasystems.com\/de\/cookie-richtlinien\/#breadcrumb","itemListElement":[{"@type":"ListItem","position":1,"name":"Portada","item":"https:\/\/alintrasystems.com\/de\/home\/"},{"@type":"ListItem","position":2,"name":"Cookie-richtlinien"}]},{"@type":"WebSite","@id":"https:\/\/alintrasystems.com\/#website","url":"https:\/\/alintrasystems.com\/","name":"Alintra Systems","description":"Soluciones innovadores con tecnolog\u00eda y materiales avanzados para Transporte e Industria","potentialAction":[{"@type":"SearchAction","target":{"@type":"EntryPoint","urlTemplate":"https:\/\/alintrasystems.com\/?s={search_term_string}"},"query-input":{"@type":"PropertyValueSpecification","valueRequired":true,"valueName":"search_term_string"}}],"inLanguage":"de"}]}},"_links":{"self":[{"href":"https:\/\/alintrasystems.com\/de\/wp-json\/wp\/v2\/pages\/1615","targetHints":{"allow":["GET"]}}],"collection":[{"href":"https:\/\/alintrasystems.com\/de\/wp-json\/wp\/v2\/pages"}],"about":[{"href":"https:\/\/alintrasystems.com\/de\/wp-json\/wp\/v2\/types\/page"}],"author":[{"embeddable":true,"href":"https:\/\/alintrasystems.com\/de\/wp-json\/wp\/v2\/users\/2"}],"replies":[{"embeddable":true,"href":"https:\/\/alintrasystems.com\/de\/wp-json\/wp\/v2\/comments?post=1615"}],"version-history":[{"count":7,"href":"https:\/\/alintrasystems.com\/de\/wp-json\/wp\/v2\/pages\/1615\/revisions"}],"predecessor-version":[{"id":2276,"href":"https:\/\/alintrasystems.com\/de\/wp-json\/wp\/v2\/pages\/1615\/revisions\/2276"}],"wp:attachment":[{"href":"https:\/\/alintrasystems.com\/de\/wp-json\/wp\/v2\/media?parent=1615"}],"curies":[{"name":"wp","href":"https:\/\/api.w.org\/{rel}","templated":true}]}}