{"id":1557,"date":"2018-09-19T10:39:42","date_gmt":"2018-09-19T10:39:42","guid":{"rendered":"https:\/\/alintrasystems.com\/?page_id=1557"},"modified":"2023-09-07T16:26:02","modified_gmt":"2023-09-07T16:26:02","slug":"rechtliche-hinweise","status":"publish","type":"page","link":"https:\/\/alintrasystems.com\/de\/rechtliche-hinweise\/","title":{"rendered":"Rechtliche hinweise"},"content":{"rendered":"\n<style type=\"text\/css\" data-created_by=\"avia_inline_auto\" id=\"style-css-av-25i8os-65ae9df8f57beb07e104a0a0b3a949be\">\n.flex_column.av-25i8os-65ae9df8f57beb07e104a0a0b3a949be{\nborder-radius:0px 0px 0px 0px;\npadding:0px 0px 0px 0px;\n}\n<\/style>\n<div  class='flex_column av-25i8os-65ae9df8f57beb07e104a0a0b3a949be av_one_full  avia-builder-el-0  avia-builder-el-no-sibling  first flex_column_div av-zero-column-padding  '     ><section  class='av_textblock_section av-jm8z4ryg-ea727a2f5e81699de2b7f55cf541facb '   itemscope=\"itemscope\" itemtype=\"https:\/\/schema.org\/CreativeWork\" ><div class='avia_textblock'  itemprop=\"text\" ><h1><strong>RECHTLICHE HINWEISE<\/strong><\/h1>\n<\/div><\/section><br \/>\n\n<style type=\"text\/css\" data-created_by=\"avia_inline_auto\" id=\"style-css-av-jm8z4zoj-4595b5b0ca2b091976fea9fff6b90811\">\n#top .hr.hr-invisible.av-jm8z4zoj-4595b5b0ca2b091976fea9fff6b90811{\nheight:30px;\n}\n<\/style>\n<div  class='hr av-jm8z4zoj-4595b5b0ca2b091976fea9fff6b90811 hr-invisible  avia-builder-el-2  el_after_av_textblock  el_before_av_textblock '><span class='hr-inner '><span class=\"hr-inner-style\"><\/span><\/span><\/div><br \/>\n<section  class='av_textblock_section av-jm8x447q-f92104925c1a91d0526604a1f555bf22 '   itemscope=\"itemscope\" itemtype=\"https:\/\/schema.org\/CreativeWork\" ><div class='avia_textblock'  itemprop=\"text\" ><p>Der Eigent\u00fcmer dieser Website <a href=\"https:\/\/alintrasystems.com\/de\/\" target=\"_blank\" rel=\"noopener\">www. alintrasystems.com<\/a> ist das Unternehmen <strong>Alintra Systems, S.L.U. <\/strong>(im Folgenden &#8222;<strong>Alintra Systems<\/strong>&#8222;), mit Sitz in Pol\u00edgono Industrial Bayas, Calle Suzana, Parcela 137, 09218, Miranda de Ebro (Burgos), Spanien, mit NIF B-09561614, e-Mail <a href=\"mailto:info@alintrasystems.com\">info@alintrasystems.com<\/a> , Telefon +34 947 34 21 29 und eingetragen im Handelsregister von Burgos, Band 688, Folio 104, Seite BU-15685.<\/p>\n<p>Diese Website dient der allgemeinen Information \u00fcber <strong>Alintra Systems<\/strong>. Obwohl alle auf dieser Website enthaltenen Informationen sorgf\u00e4ltig gepr\u00fcft wurden, weist <strong>Alintra Systems <\/strong>darauf hin, dass es Fehler oder Ungenauigkeiten geben kann und \u00fcbernimmt keinerlei Haftung f\u00fcr materielle Sch\u00e4den, die durch solche Fehler, Ungenauigkeiten, Unrichtigkeiten oder Missverst\u00e4ndnisse entstehen k\u00f6nnen. Der gesamte Inhalt dient nur zu Informationszwecken und kann durch direkten Kontakt mit dem Unternehmen selbst best\u00e4tigt werden.<\/p>\n<p><strong>Alintra Systems <\/strong>beh\u00e4lt sich das Recht vor, alle Inhalte, die auf der Website erscheinen, zu aktualisieren, zu \u00e4ndern, zu bearbeiten oder zu l\u00f6schen, ohne dass eine Verpflichtung besteht, die Nutzer vorher zu benachrichtigen, wobei die blo\u00dfe Ver\u00f6ffentlichung im Internet ausreicht.<\/p>\n<p>Der Nutzer verpflichtet sich, diese Website in \u00dcbereinstimmung mit dem Gesetz, den vorliegenden rechtlichen Hinweisen sowie den anderen Bedingungen, Vorschriften und Anweisungen, die gegebenenfalls anwendbar sind, korrekt zu nutzen.<\/p>\n<p>Die Nutzung dieser Website macht die Person, die sie nutzt, zum Benutzer und setzt die Annahme aller Bedingungen voraus, die in diesem rechtlichen Hinweis enthalten sind, der vollst\u00e4ndig der spanischen Gesetzgebung unterliegt.<\/p>\n<p>Alle Inhalte dieser Website (Texte, Fotos, Grafiken, Bilder, Technologie, Software, Links, audiovisuelle Inhalte, grafische Gestaltung, Quellcode usw.) sowie Marken und andere Kennzeichen, die f\u00fcr eine gewerbliche und\/oder kommerzielle Nutzung in Frage kommen, sind urheberrechtlich gesch\u00fctzt und ausschlie\u00dfliches Eigentum von <strong>Alintra Systems<\/strong>; der Nutzer erwirbt durch die blo\u00dfe Nutzung dieser Website keinerlei Rechte an ihnen.<\/p>\n<p>Es ist verboten, diese Website in einer Weise zu nutzen, die das Eigentum, die Rechte oder die Interessen von <strong>Alintra Systems<\/strong>, ihren Kunden, Lieferanten oder Dritten sch\u00e4digen soll oder dazu f\u00fchrt. Es ist auch verboten, diese Website in einer Weise zu nutzen, die die Netzwerke, Server, Ger\u00e4te, Produkte und Software von <strong>Alintra Systems<\/strong>, seinen Kunden, Lieferanten oder Dritten ver\u00e4ndert, besch\u00e4digt oder au\u00dfer Betrieb setzt.<\/p>\n<p>Der Nutzer hat Folgendes zu unterlassen:<\/p>\n<ol>\n<li>Den Inhalt dieser Website zu vervielf\u00e4ltigen, zu kopieren, zu verbreiten, Dritten zur Verf\u00fcgung zu stellen, \u00f6ffentlich mitzuteilen, umzuwandeln oder zu ver\u00e4ndern, es sei denn, dies ist gesetzlich vorgesehen oder ausdr\u00fccklich von <strong>Alintra Systems <\/strong>oder dem Inhaber dieser Rechte genehmigt;<\/li>\n<li>Die auf dieser Website vorhandene Software oder Datenbanken f\u00fcr den privaten Gebrauch zu vervielf\u00e4ltigen oder zu kopieren sowie sie \u00f6ffentlich mitzuteilen oder Dritten zur Verf\u00fcgung zu stellen, wenn dies ihre Vervielf\u00e4ltigung beinhaltet;<\/li>\n<li>Den Inhalt dieser Website ganz oder zu einem wesentlichen Teil zu entnehmen oder wiederzuverwenden.<\/li>\n<\/ol>\n<p>In jedem Fall ist die Nutzung oder Vervielf\u00e4ltigung von Inhalten oder Datenbanken, die ausdr\u00fccklich von <strong>Alintra Systems <\/strong>genehmigt wurde, von den oben genannten Bestimmungen ausgenommen. Der Benutzer, der Links zu dieser Website einf\u00fcgen m\u00f6chte, muss die folgenden Bedingungen erf\u00fcllen:<\/p>\n<ol>\n<li>D\u00fcrfen keine <em>Frames <\/em>oder Rahmen jeglicher Art erstellen, die die Website umgeben oder die Betrachtung \u00fcber verschiedene Internetadressen oder zusammen mit Inhalten au\u00dferhalb dieser Website erm\u00f6glichen, so dass bei den Nutzern ein Irrtum oder eine Verwirrung \u00fcber die Herkunft des Dienstes oder seines Inhalts hervorgerufen wird oder hervorgerufen werden kann, ein Akt des Vergleichs oder der unlauteren Nachahmung vorliegt, dazu dient, den Ruf, die Marke und das Ansehen von <strong>Alintra Systems <\/strong>oder seinen Kunden auszunutzen, oder auf eine andere gesetzlich verbotene Weise erfolgt;<\/li>\n<li>Von der Seite, die den Link setzt, darf keine falsche oder ungenaue Aussage \u00fcber <strong>Alintra Systems<\/strong>, \u00fcber die Qualit\u00e4t ihrer Dienstleistungen oder \u00fcber ihre Lieferanten, Mitarbeiter oder Kunden gemacht werden;<\/li>\n<li>Der Absender darf das Warenzeichen oder ein anderes Unterscheidungsmerkmal von <strong>Alintra Systems <\/strong>auf seiner Website nicht verwenden, es sei denn, er ist gesetzlich dazu erm\u00e4chtigt oder von <strong>Alintra Systems <\/strong>ausdr\u00fccklich zugelassen;<\/li>\n<li>Die Seite, die den Link herstellt, muss der geltenden Gesetzgebung entsprechen und darf keine illegalen, sch\u00e4dlichen, gegen Moral und Anstand versto\u00dfenden Inhalte bereitstellen oder verlinken, die den falschen Eindruck erwecken oder erwecken k\u00f6nnen, dass <strong>Alintra Systems <\/strong>oder ihre Kunden die Ideen, Erkl\u00e4rungen oder Handlungen des Absenders guthei\u00dfen oder unterst\u00fctzen, oder die in Bezug auf die von <strong>Alintra Systems <\/strong>und ihren Kunden ausge\u00fcbte T\u00e4tigkeit unangemessen sind, und zwar unter Ber\u00fccksichtigung des Inhalts und der allgemeinen Thematik der Website, auf der der Link hergestellt wird.<\/li>\n<\/ol>\n<p>Diese Website kann technische Verkn\u00fcpfungen enthalten, die es dem Benutzer erm\u00f6glichen, auf andere Internetseiten (Links) von Dritten zuzugreifen. <strong>Alintra Systems <\/strong>hat keine Kenntnis von den Inhalten und Dienstleistungen der Links und haftet daher nicht f\u00fcr Sch\u00e4den, die sich aus deren mangelnder Qualit\u00e4t, Veralterung, Nichtverf\u00fcgbarkeit, Irrtum, Nutzlosigkeit oder Rechtswidrigkeit ergeben, und ist nicht f\u00fcr die dort gemachten Aussagen oder die dort angebotenen Inhalte oder Dienstleistungen verantwortlich. Wenn ein Benutzer feststellt, dass die Links auf Seiten verweisen, deren Inhalt oder Dienstleistungen illegal, sch\u00e4dlich, entw\u00fcrdigend, gewaltt\u00e4tig oder unmoralisch sind, k\u00f6nnen Sie <strong>Alintra Systems <\/strong>kontaktieren und dies mitteilen.<\/p>\n<\/div><\/section><\/p><\/div>\n","protected":false},"excerpt":{"rendered":"","protected":false},"author":2,"featured_media":0,"parent":0,"menu_order":0,"comment_status":"closed","ping_status":"closed","template":"","meta":{"footnotes":""},"class_list":["post-1557","page","type-page","status-publish","hentry"],"yoast_head":"<!-- This site is optimized with the Yoast SEO plugin v25.4 - https:\/\/yoast.com\/wordpress\/plugins\/seo\/ -->\n<title>Rechtliche hinweise - Alintra Systems<\/title>\n<meta name=\"robots\" content=\"index, follow, max-snippet:-1, max-image-preview:large, max-video-preview:-1\" \/>\n<link rel=\"canonical\" href=\"https:\/\/alintrasystems.com\/de\/rechtliche-hinweise\/\" \/>\n<meta property=\"og:locale\" content=\"de_DE\" \/>\n<meta property=\"og:type\" content=\"article\" \/>\n<meta property=\"og:title\" content=\"Rechtliche hinweise - Alintra Systems\" \/>\n<meta property=\"og:url\" content=\"https:\/\/alintrasystems.com\/de\/rechtliche-hinweise\/\" \/>\n<meta property=\"og:site_name\" content=\"Alintra Systems\" \/>\n<meta property=\"article:modified_time\" content=\"2023-09-07T16:26:02+00:00\" \/>\n<meta name=\"twitter:card\" content=\"summary_large_image\" \/>\n<meta name=\"twitter:label1\" content=\"Gesch\u00e4tzte Lesezeit\" \/>\n\t<meta name=\"twitter:data1\" content=\"4\u00a0Minuten\" \/>\n<script type=\"application\/ld+json\" class=\"yoast-schema-graph\">{\"@context\":\"https:\/\/schema.org\",\"@graph\":[{\"@type\":\"WebPage\",\"@id\":\"https:\/\/alintrasystems.com\/de\/rechtliche-hinweise\/\",\"url\":\"https:\/\/alintrasystems.com\/de\/rechtliche-hinweise\/\",\"name\":\"Rechtliche hinweise - Alintra Systems\",\"isPartOf\":{\"@id\":\"https:\/\/alintrasystems.com\/#website\"},\"datePublished\":\"2018-09-19T10:39:42+00:00\",\"dateModified\":\"2023-09-07T16:26:02+00:00\",\"breadcrumb\":{\"@id\":\"https:\/\/alintrasystems.com\/de\/rechtliche-hinweise\/#breadcrumb\"},\"inLanguage\":\"de\",\"potentialAction\":[{\"@type\":\"ReadAction\",\"target\":[\"https:\/\/alintrasystems.com\/de\/rechtliche-hinweise\/\"]}]},{\"@type\":\"BreadcrumbList\",\"@id\":\"https:\/\/alintrasystems.com\/de\/rechtliche-hinweise\/#breadcrumb\",\"itemListElement\":[{\"@type\":\"ListItem\",\"position\":1,\"name\":\"Portada\",\"item\":\"https:\/\/alintrasystems.com\/de\/home\/\"},{\"@type\":\"ListItem\",\"position\":2,\"name\":\"Rechtliche hinweise\"}]},{\"@type\":\"WebSite\",\"@id\":\"https:\/\/alintrasystems.com\/#website\",\"url\":\"https:\/\/alintrasystems.com\/\",\"name\":\"Alintra Systems\",\"description\":\"Soluciones innovadores con tecnolog\u00eda y materiales avanzados para Transporte e Industria\",\"potentialAction\":[{\"@type\":\"SearchAction\",\"target\":{\"@type\":\"EntryPoint\",\"urlTemplate\":\"https:\/\/alintrasystems.com\/?s={search_term_string}\"},\"query-input\":{\"@type\":\"PropertyValueSpecification\",\"valueRequired\":true,\"valueName\":\"search_term_string\"}}],\"inLanguage\":\"de\"}]}<\/script>\n<!-- \/ Yoast SEO plugin. -->","yoast_head_json":{"title":"Rechtliche hinweise - Alintra Systems","robots":{"index":"index","follow":"follow","max-snippet":"max-snippet:-1","max-image-preview":"max-image-preview:large","max-video-preview":"max-video-preview:-1"},"canonical":"https:\/\/alintrasystems.com\/de\/rechtliche-hinweise\/","og_locale":"de_DE","og_type":"article","og_title":"Rechtliche hinweise - Alintra Systems","og_url":"https:\/\/alintrasystems.com\/de\/rechtliche-hinweise\/","og_site_name":"Alintra Systems","article_modified_time":"2023-09-07T16:26:02+00:00","twitter_card":"summary_large_image","twitter_misc":{"Gesch\u00e4tzte Lesezeit":"4\u00a0Minuten"},"schema":{"@context":"https:\/\/schema.org","@graph":[{"@type":"WebPage","@id":"https:\/\/alintrasystems.com\/de\/rechtliche-hinweise\/","url":"https:\/\/alintrasystems.com\/de\/rechtliche-hinweise\/","name":"Rechtliche hinweise - Alintra Systems","isPartOf":{"@id":"https:\/\/alintrasystems.com\/#website"},"datePublished":"2018-09-19T10:39:42+00:00","dateModified":"2023-09-07T16:26:02+00:00","breadcrumb":{"@id":"https:\/\/alintrasystems.com\/de\/rechtliche-hinweise\/#breadcrumb"},"inLanguage":"de","potentialAction":[{"@type":"ReadAction","target":["https:\/\/alintrasystems.com\/de\/rechtliche-hinweise\/"]}]},{"@type":"BreadcrumbList","@id":"https:\/\/alintrasystems.com\/de\/rechtliche-hinweise\/#breadcrumb","itemListElement":[{"@type":"ListItem","position":1,"name":"Portada","item":"https:\/\/alintrasystems.com\/de\/home\/"},{"@type":"ListItem","position":2,"name":"Rechtliche hinweise"}]},{"@type":"WebSite","@id":"https:\/\/alintrasystems.com\/#website","url":"https:\/\/alintrasystems.com\/","name":"Alintra Systems","description":"Soluciones innovadores con tecnolog\u00eda y materiales avanzados para Transporte e Industria","potentialAction":[{"@type":"SearchAction","target":{"@type":"EntryPoint","urlTemplate":"https:\/\/alintrasystems.com\/?s={search_term_string}"},"query-input":{"@type":"PropertyValueSpecification","valueRequired":true,"valueName":"search_term_string"}}],"inLanguage":"de"}]}},"_links":{"self":[{"href":"https:\/\/alintrasystems.com\/de\/wp-json\/wp\/v2\/pages\/1557","targetHints":{"allow":["GET"]}}],"collection":[{"href":"https:\/\/alintrasystems.com\/de\/wp-json\/wp\/v2\/pages"}],"about":[{"href":"https:\/\/alintrasystems.com\/de\/wp-json\/wp\/v2\/types\/page"}],"author":[{"embeddable":true,"href":"https:\/\/alintrasystems.com\/de\/wp-json\/wp\/v2\/users\/2"}],"replies":[{"embeddable":true,"href":"https:\/\/alintrasystems.com\/de\/wp-json\/wp\/v2\/comments?post=1557"}],"version-history":[{"count":6,"href":"https:\/\/alintrasystems.com\/de\/wp-json\/wp\/v2\/pages\/1557\/revisions"}],"predecessor-version":[{"id":2337,"href":"https:\/\/alintrasystems.com\/de\/wp-json\/wp\/v2\/pages\/1557\/revisions\/2337"}],"wp:attachment":[{"href":"https:\/\/alintrasystems.com\/de\/wp-json\/wp\/v2\/media?parent=1557"}],"curies":[{"name":"wp","href":"https:\/\/api.w.org\/{rel}","templated":true}]}}